{"id":5285,"date":"2023-10-09T11:30:27","date_gmt":"2023-10-09T11:30:27","guid":{"rendered":"https:\/\/coproyma.com\/?page_id=5285"},"modified":"2025-04-10T17:30:22","modified_gmt":"2025-04-10T17:30:22","slug":"equipo","status":"publish","type":"page","link":"https:\/\/coproyma.com\/en\/equipo\/","title":{"rendered":"Team"},"content":{"rendered":"<div data-elementor-type=\"wp-page\" data-elementor-id=\"5285\" class=\"elementor elementor-5285\">\n\t\t\t\t\t\t<section class=\"elementor-section elementor-top-section elementor-element elementor-element-ebc357e pt-3 mt-4 elementor-section-boxed elementor-section-height-default elementor-section-height-default\" data-id=\"ebc357e\" data-element_type=\"section\">\r\n\t\t\r\n\t\t\t\t\t\t\t<div class=\"elementor-container elementor-column-gap-no\">\r\n\t\t\t\t\t\t\t\t\t\t\t<div class=\"elementor-column elementor-col-100 elementor-top-column elementor-element elementor-element-7e05d30\" data-id=\"7e05d30\" data-element_type=\"column\">\r\n\t\t\t\t\t<div class=\"elementor-widget-wrap elementor-element-populated\">\r\n\t\t\t\t\t\t\t\t<div class=\"elementor-element elementor-element-c14f7ca mb-4 elementor-invisible elementor-widget elementor-widget-heading\" data-id=\"c14f7ca\" data-element_type=\"widget\" data-settings=\"{&quot;_animation&quot;:&quot;fadeInUp&quot;,&quot;_animation_delay&quot;:250}\" data-widget_type=\"heading.default\">\n\t\t\t\t<div class=\"elementor-widget-container\">\n\t\t\t\t\t<h1 class=\"elementor-heading-title elementor-size-default\">We are Coproyma and this is our fantastic team!<\/h1>\t\t\t\t<\/div>\n\t\t\t\t<\/div>\n\t\t\t\t<div class=\"elementor-element elementor-element-8521042 m-b-md elementor-invisible elementor-widget elementor-widget-heading\" data-id=\"8521042\" data-element_type=\"widget\" data-settings=\"{&quot;_animation&quot;:&quot;fadeInUp&quot;,&quot;_animation_delay&quot;:500}\" data-widget_type=\"heading.default\">\n\t\t\t\t<div class=\"elementor-widget-container\">\n\t\t\t\t\t<p class=\"elementor-heading-title elementor-size-default\">Get to know the team who are part of the different work areas.<\/p>\t\t\t\t<\/div>\n\t\t\t\t<\/div>\n\t\t\t\t\t<\/div>\r\n\t\t\t\t<\/div>\r\n\t\t\t\t\t<\/div>\r\n\t\t\t\t<\/section>\r\n\t\t\t\t<section class=\"elementor-section elementor-top-section elementor-element elementor-element-d4bcf3f elementor-section-boxed elementor-section-height-default elementor-section-height-default\" data-id=\"d4bcf3f\" data-element_type=\"section\">\r\n\t\t\r\n\t\t\t\t\t\t\t<div class=\"elementor-container elementor-column-gap-default\">\r\n\t\t\t\t\t\t\t\t\t\t\t<div class=\"elementor-column elementor-col-33 elementor-top-column elementor-element elementor-element-fc1450a\" data-id=\"fc1450a\" data-element_type=\"column\">\r\n\t\t\t\t\t<div class=\"elementor-widget-wrap elementor-element-populated\">\r\n\t\t\t\t\t\t\t\t<div class=\"elementor-element elementor-element-3cb6838 elementor-widget elementor-widget-porto_info_box\" data-id=\"3cb6838\" data-element_type=\"widget\" data-widget_type=\"porto_info_box.default\">\n\t\t\t\t<div class=\"elementor-widget-container\">\n\t\t\t\t\t<div class=\"porto-sicon-box style_1 top-icon\"><div class=\"porto-sicon-header\"><a class=\"porto-sicon-box-link\" href=\"\"><h4 class=\"porto-sicon-title\" style=\"\">CONSULTANCY<\/h4><\/a><p >Consultancy and Administrative Area<\/p><\/div> <!-- header --><\/div><!-- porto-sicon-box -->\t\t\t\t<\/div>\n\t\t\t\t<\/div>\n\t\t\t\t<div class=\"elementor-element elementor-element-1b30128 elementor-widget elementor-widget-porto_button\" data-id=\"1b30128\" data-element_type=\"widget\" data-settings=\"{&quot;align&quot;:&quot;center&quot;}\" data-widget_type=\"porto_button.default\">\n\t\t\t\t<div class=\"elementor-widget-container\">\n\t\t\t\t\t<a aria-label=\"button\" class=\"btn btn-md btn-primary\" href=\"https:\/\/coproyma.com\/en\/consultoria\/\"><span >See Team<\/span><\/a>\t\t\t\t<\/div>\n\t\t\t\t<\/div>\n\t\t\t\t\t<\/div>\r\n\t\t\t\t<\/div>\r\n\t\t\t\t<div class=\"elementor-column elementor-col-33 elementor-top-column elementor-element elementor-element-31a83e3\" data-id=\"31a83e3\" data-element_type=\"column\">\r\n\t\t\t\t\t<div class=\"elementor-widget-wrap elementor-element-populated\">\r\n\t\t\t\t\t\t\t\t<div class=\"elementor-element elementor-element-0a584b4 elementor-widget elementor-widget-porto_info_box\" data-id=\"0a584b4\" data-element_type=\"widget\" data-widget_type=\"porto_info_box.default\">\n\t\t\t\t<div class=\"elementor-widget-container\">\n\t\t\t\t\t<div class=\"porto-sicon-box style_1 top-icon\"><div class=\"porto-sicon-header\"><a class=\"porto-sicon-box-link\" href=\"\"><h4 class=\"porto-sicon-title\" style=\"\">ENVIRONMENT <\/h4><\/a><p >Environmental Engineering Area<\/p><\/div> <!-- header --><\/div><!-- porto-sicon-box -->\t\t\t\t<\/div>\n\t\t\t\t<\/div>\n\t\t\t\t<div class=\"elementor-element elementor-element-5787af1 elementor-widget elementor-widget-porto_button\" data-id=\"5787af1\" data-element_type=\"widget\" data-settings=\"{&quot;align&quot;:&quot;center&quot;}\" data-widget_type=\"porto_button.default\">\n\t\t\t\t<div class=\"elementor-widget-container\">\n\t\t\t\t\t<a aria-label=\"button\" class=\"btn btn-md btn-primary\" href=\"https:\/\/coproyma.com\/en\/medio-ambiente-ingenieria-ambiental\/\"><span >See Team<\/span><\/a>\t\t\t\t<\/div>\n\t\t\t\t<\/div>\n\t\t\t\t\t<\/div>\r\n\t\t\t\t<\/div>\r\n\t\t\t\t<div class=\"elementor-column elementor-col-33 elementor-top-column elementor-element elementor-element-0bc6478\" data-id=\"0bc6478\" data-element_type=\"column\">\r\n\t\t\t\t\t<div class=\"elementor-widget-wrap elementor-element-populated\">\r\n\t\t\t\t\t\t\t\t<div class=\"elementor-element elementor-element-d1a37b2 elementor-widget elementor-widget-porto_info_box\" data-id=\"d1a37b2\" data-element_type=\"widget\" data-widget_type=\"porto_info_box.default\">\n\t\t\t\t<div class=\"elementor-widget-container\">\n\t\t\t\t\t<div class=\"porto-sicon-box style_1 top-icon\"><div class=\"porto-sicon-header\"><a class=\"porto-sicon-box-link\" href=\"\"><h4 class=\"porto-sicon-title\" style=\"\">ENVIRONMENT|BIODIVERSITY<\/h4><\/a><p >Biodiversity Area<\/p><\/div> <!-- header --><\/div><!-- porto-sicon-box -->\t\t\t\t<\/div>\n\t\t\t\t<\/div>\n\t\t\t\t<div class=\"elementor-element elementor-element-3b7cc81 elementor-widget elementor-widget-porto_button\" data-id=\"3b7cc81\" data-element_type=\"widget\" data-settings=\"{&quot;align&quot;:&quot;center&quot;}\" data-widget_type=\"porto_button.default\">\n\t\t\t\t<div class=\"elementor-widget-container\">\n\t\t\t\t\t<a aria-label=\"button\" class=\"btn btn-md btn-primary\" href=\"https:\/\/coproyma.com\/en\/medio-ambiente-biodiversidad\/\"><span >See Team<\/span><\/a>\t\t\t\t<\/div>\n\t\t\t\t<\/div>\n\t\t\t\t\t<\/div>\r\n\t\t\t\t<\/div>\r\n\t\t\t\t\t<\/div>\r\n\t\t\t\t<\/section>\r\n\t\t<div class=\"elementor-element elementor-element-b40b8a6 e-flex e-con-boxed e-con e-parent\" data-id=\"b40b8a6\" data-element_type=\"container\">\r\n\t\t\t\t\t<div class=\"e-con-inner\">\r\n\t\t\t\t<div class=\"elementor-element elementor-element-6f4af95 elementor-widget elementor-widget-spacer\" data-id=\"6f4af95\" data-element_type=\"widget\" data-widget_type=\"spacer.default\">\n\t\t\t\t<div class=\"elementor-widget-container\">\n\t\t\t\t\t\t\t<div class=\"elementor-spacer\">\n\t\t\t<div class=\"elementor-spacer-inner\"><\/div>\n\t\t<\/div>\n\t\t\t\t\t\t<\/div>\n\t\t\t\t<\/div>\n\t\t\t\t\t<\/div>\n\t\t\t\t<\/div>\n\t\t\t\t<\/div>","protected":false},"excerpt":{"rendered":"<p>\u00a1Somos Coproyma y este es nuestro gran equipo! Conoce al equipo humano que forma parte de las diferentes \u00e1reas de trabajo. CONSULTOR\u00cdA \u00c1rea Consultora y Administrativa Ver Equipo MEDIO AMBIENTE \u00c1rea de Ingenier\u00eda Ambiental Ver Equipo MEDIO AMBIENTE | BIODIVERSIDAD \u00c1rea de Biodiversidad Ver Equipo<\/p>","protected":false},"author":1,"featured_media":0,"parent":0,"menu_order":0,"comment_status":"closed","ping_status":"closed","template":"","meta":{"_acf_changed":false,"footnotes":""},"class_list":["post-5285","page","type-page","status-publish","hentry"],"acf":[],"yoast_head":"<!-- This site is optimized with the Yoast SEO plugin v26.8 - https:\/\/yoast.com\/product\/yoast-seo-wordpress\/ -->\n<title>Equipo - Coproyma<\/title>\n<meta name=\"robots\" content=\"index, follow, max-snippet:-1, max-image-preview:large, max-video-preview:-1\" \/>\n<link rel=\"canonical\" href=\"https:\/\/coproyma.com\/en\/equipo\/\" \/>\n<meta property=\"og:locale\" content=\"en_US\" \/>\n<meta property=\"og:type\" content=\"article\" \/>\n<meta property=\"og:title\" content=\"Equipo - Coproyma\" \/>\n<meta property=\"og:description\" content=\"\u00a1Somos Coproyma y este es nuestro gran equipo! Conoce al equipo humano que forma parte de las diferentes \u00e1reas de trabajo. CONSULTOR\u00cdA \u00c1rea Consultora y Administrativa Ver Equipo MEDIO AMBIENTE \u00c1rea de Ingenier\u00eda Ambiental Ver Equipo MEDIO AMBIENTE | BIODIVERSIDAD \u00c1rea de Biodiversidad Ver Equipo\" \/>\n<meta property=\"og:url\" content=\"https:\/\/coproyma.com\/en\/equipo\/\" \/>\n<meta property=\"og:site_name\" content=\"Coproyma\" \/>\n<meta property=\"article:publisher\" content=\"https:\/\/www.facebook.com\/Coproyma\" \/>\n<meta property=\"article:modified_time\" content=\"2025-04-10T17:30:22+00:00\" \/>\n<meta name=\"twitter:card\" content=\"summary_large_image\" \/>\n<meta name=\"twitter:label1\" content=\"Est. reading time\" \/>\n\t<meta name=\"twitter:data1\" content=\"1 minute\" \/>\n<script type=\"application\/ld+json\" class=\"yoast-schema-graph\">{\"@context\":\"https:\/\/schema.org\",\"@graph\":[{\"@type\":\"WebPage\",\"@id\":\"https:\/\/coproyma.com\/equipo\/\",\"url\":\"https:\/\/coproyma.com\/equipo\/\",\"name\":\"Equipo - Coproyma\",\"isPartOf\":{\"@id\":\"https:\/\/coproyma.com\/#website\"},\"datePublished\":\"2023-10-09T11:30:27+00:00\",\"dateModified\":\"2025-04-10T17:30:22+00:00\",\"breadcrumb\":{\"@id\":\"https:\/\/coproyma.com\/equipo\/#breadcrumb\"},\"inLanguage\":\"en-US\",\"potentialAction\":[{\"@type\":\"ReadAction\",\"target\":[\"https:\/\/coproyma.com\/equipo\/\"]}]},{\"@type\":\"BreadcrumbList\",\"@id\":\"https:\/\/coproyma.com\/equipo\/#breadcrumb\",\"itemListElement\":[{\"@type\":\"ListItem\",\"position\":1,\"name\":\"Portada\",\"item\":\"https:\/\/coproyma.com\/\"},{\"@type\":\"ListItem\",\"position\":2,\"name\":\"Equipo\"}]},{\"@type\":\"WebSite\",\"@id\":\"https:\/\/coproyma.com\/#website\",\"url\":\"https:\/\/coproyma.com\/\",\"name\":\"Coproyma\",\"description\":\"Consultor\u00eda, Proyectos y Medio Ambiente\",\"publisher\":{\"@id\":\"https:\/\/coproyma.com\/#organization\"},\"potentialAction\":[{\"@type\":\"SearchAction\",\"target\":{\"@type\":\"EntryPoint\",\"urlTemplate\":\"https:\/\/coproyma.com\/?s={search_term_string}\"},\"query-input\":{\"@type\":\"PropertyValueSpecification\",\"valueRequired\":true,\"valueName\":\"search_term_string\"}}],\"inLanguage\":\"en-US\"},{\"@type\":\"Organization\",\"@id\":\"https:\/\/coproyma.com\/#organization\",\"name\":\"Coproyma\",\"url\":\"https:\/\/coproyma.com\/\",\"logo\":{\"@type\":\"ImageObject\",\"inLanguage\":\"en-US\",\"@id\":\"https:\/\/coproyma.com\/#\/schema\/logo\/image\/\",\"url\":\"https:\/\/coproyma.com\/wp-content\/uploads\/2023\/10\/Logo-coproyma-2018.png\",\"contentUrl\":\"https:\/\/coproyma.com\/wp-content\/uploads\/2023\/10\/Logo-coproyma-2018.png\",\"width\":842,\"height\":595,\"caption\":\"Coproyma\"},\"image\":{\"@id\":\"https:\/\/coproyma.com\/#\/schema\/logo\/image\/\"},\"sameAs\":[\"https:\/\/www.facebook.com\/Coproyma\",\"https:\/\/www.linkedin.com\/company\/coproyma\/\",\"https:\/\/www.instagram.com\/coproyma\/\"]}]}<\/script>\n<!-- \/ Yoast SEO plugin. -->","yoast_head_json":{"title":"Equipo - Coproyma","robots":{"index":"index","follow":"follow","max-snippet":"max-snippet:-1","max-image-preview":"max-image-preview:large","max-video-preview":"max-video-preview:-1"},"canonical":"https:\/\/coproyma.com\/en\/equipo\/","og_locale":"en_US","og_type":"article","og_title":"Equipo - Coproyma","og_description":"\u00a1Somos Coproyma y este es nuestro gran equipo! Conoce al equipo humano que forma parte de las diferentes \u00e1reas de trabajo. CONSULTOR\u00cdA \u00c1rea Consultora y Administrativa Ver Equipo MEDIO AMBIENTE \u00c1rea de Ingenier\u00eda Ambiental Ver Equipo MEDIO AMBIENTE | BIODIVERSIDAD \u00c1rea de Biodiversidad Ver Equipo","og_url":"https:\/\/coproyma.com\/en\/equipo\/","og_site_name":"Coproyma","article_publisher":"https:\/\/www.facebook.com\/Coproyma","article_modified_time":"2025-04-10T17:30:22+00:00","twitter_card":"summary_large_image","twitter_misc":{"Est. reading time":"1 minute"},"schema":{"@context":"https:\/\/schema.org","@graph":[{"@type":"WebPage","@id":"https:\/\/coproyma.com\/equipo\/","url":"https:\/\/coproyma.com\/equipo\/","name":"Equipo - Coproyma","isPartOf":{"@id":"https:\/\/coproyma.com\/#website"},"datePublished":"2023-10-09T11:30:27+00:00","dateModified":"2025-04-10T17:30:22+00:00","breadcrumb":{"@id":"https:\/\/coproyma.com\/equipo\/#breadcrumb"},"inLanguage":"en-US","potentialAction":[{"@type":"ReadAction","target":["https:\/\/coproyma.com\/equipo\/"]}]},{"@type":"BreadcrumbList","@id":"https:\/\/coproyma.com\/equipo\/#breadcrumb","itemListElement":[{"@type":"ListItem","position":1,"name":"Portada","item":"https:\/\/coproyma.com\/"},{"@type":"ListItem","position":2,"name":"Equipo"}]},{"@type":"WebSite","@id":"https:\/\/coproyma.com\/#website","url":"https:\/\/coproyma.com\/","name":"Coproyma","description":"Consultor\u00eda, Proyectos y Medio Ambiente","publisher":{"@id":"https:\/\/coproyma.com\/#organization"},"potentialAction":[{"@type":"SearchAction","target":{"@type":"EntryPoint","urlTemplate":"https:\/\/coproyma.com\/?s={search_term_string}"},"query-input":{"@type":"PropertyValueSpecification","valueRequired":true,"valueName":"search_term_string"}}],"inLanguage":"en-US"},{"@type":"Organization","@id":"https:\/\/coproyma.com\/#organization","name":"Coproyma","url":"https:\/\/coproyma.com\/","logo":{"@type":"ImageObject","inLanguage":"en-US","@id":"https:\/\/coproyma.com\/#\/schema\/logo\/image\/","url":"https:\/\/coproyma.com\/wp-content\/uploads\/2023\/10\/Logo-coproyma-2018.png","contentUrl":"https:\/\/coproyma.com\/wp-content\/uploads\/2023\/10\/Logo-coproyma-2018.png","width":842,"height":595,"caption":"Coproyma"},"image":{"@id":"https:\/\/coproyma.com\/#\/schema\/logo\/image\/"},"sameAs":["https:\/\/www.facebook.com\/Coproyma","https:\/\/www.linkedin.com\/company\/coproyma\/","https:\/\/www.instagram.com\/coproyma\/"]}]}},"_links":{"self":[{"href":"https:\/\/coproyma.com\/en\/wp-json\/wp\/v2\/pages\/5285","targetHints":{"allow":["GET"]}}],"collection":[{"href":"https:\/\/coproyma.com\/en\/wp-json\/wp\/v2\/pages"}],"about":[{"href":"https:\/\/coproyma.com\/en\/wp-json\/wp\/v2\/types\/page"}],"author":[{"embeddable":true,"href":"https:\/\/coproyma.com\/en\/wp-json\/wp\/v2\/users\/1"}],"replies":[{"embeddable":true,"href":"https:\/\/coproyma.com\/en\/wp-json\/wp\/v2\/comments?post=5285"}],"version-history":[{"count":34,"href":"https:\/\/coproyma.com\/en\/wp-json\/wp\/v2\/pages\/5285\/revisions"}],"predecessor-version":[{"id":6165,"href":"https:\/\/coproyma.com\/en\/wp-json\/wp\/v2\/pages\/5285\/revisions\/6165"}],"wp:attachment":[{"href":"https:\/\/coproyma.com\/en\/wp-json\/wp\/v2\/media?parent=5285"}],"curies":[{"name":"wp","href":"https:\/\/api.w.org\/{rel}","templated":true}]}}