{"id":5510,"date":"2023-10-11T08:01:24","date_gmt":"2023-10-11T08:01:24","guid":{"rendered":"https:\/\/coproyma.com\/?page_id=5510"},"modified":"2025-10-28T12:50:00","modified_gmt":"2025-10-28T12:50:00","slug":"trabaja-con-nosotros","status":"publish","type":"page","link":"https:\/\/coproyma.com\/en\/trabaja-con-nosotros\/","title":{"rendered":"Work with us"},"content":{"rendered":"<div data-elementor-type=\"wp-page\" data-elementor-id=\"5510\" class=\"elementor elementor-5510\">\n\t\t\t\t\t\t<section class=\"elementor-section elementor-top-section elementor-element elementor-element-ebc357e pt-3 mt-4 elementor-section-boxed elementor-section-height-default elementor-section-height-default\" data-id=\"ebc357e\" data-element_type=\"section\">\r\n\t\t\r\n\t\t\t\t\t\t\t<div class=\"elementor-container elementor-column-gap-no\">\r\n\t\t\t\t\t\t\t\t\t\t\t<div class=\"elementor-column elementor-col-100 elementor-top-column elementor-element elementor-element-7e05d30\" data-id=\"7e05d30\" data-element_type=\"column\">\r\n\t\t\t\t\t<div class=\"elementor-widget-wrap elementor-element-populated\">\r\n\t\t\t\t\t\t\t\t<div class=\"elementor-element elementor-element-c14f7ca mb-4 elementor-invisible elementor-widget elementor-widget-heading\" data-id=\"c14f7ca\" data-element_type=\"widget\" data-settings=\"{&quot;_animation&quot;:&quot;fadeInUp&quot;,&quot;_animation_delay&quot;:250}\" data-widget_type=\"heading.default\">\n\t\t\t\t<div class=\"elementor-widget-container\">\n\t\t\t\t\t<h2 class=\"elementor-heading-title elementor-size-default\">At Coproyma we are in constant evolution.<br>Interested in working with us?<\/h2>\t\t\t\t<\/div>\n\t\t\t\t<\/div>\n\t\t\t\t<div class=\"elementor-element elementor-element-4cd440c mb-4 elementor-invisible elementor-widget elementor-widget-heading\" data-id=\"4cd440c\" data-element_type=\"widget\" data-settings=\"{&quot;_animation&quot;:&quot;fadeInUp&quot;,&quot;_animation_delay&quot;:250}\" data-widget_type=\"heading.default\">\n\t\t\t\t<div class=\"elementor-widget-container\">\n\t\t\t\t\t<h4 class=\"elementor-heading-title elementor-size-default\">Actualmente no disponemos de ninguna vacante disponible. Si quieres contactar con nosotros rellena el formulario que encontrar\u00e1s a continuaci\u00f3n.<\/h4>\t\t\t\t<\/div>\n\t\t\t\t<\/div>\n\t\t\t\t\t<\/div>\r\n\t\t\t\t<\/div>\r\n\t\t\t\t\t<\/div>\r\n\t\t\t\t<\/section>\r\n\t\t<div class=\"elementor-element elementor-element-95162b7 e-flex e-con-boxed e-con e-parent\" data-id=\"95162b7\" data-element_type=\"container\">\r\n\t\t\t\t\t<div class=\"e-con-inner\">\r\n\t\t<div class=\"elementor-element elementor-element-6b344ae e-con-full elementor-hidden-desktop elementor-hidden-tablet elementor-hidden-mobile e-flex e-con e-child\" data-id=\"6b344ae\" data-element_type=\"container\">\r\n\t\t\t\t<div class=\"elementor-element elementor-element-c11b8d7 elementor-widget elementor-widget-image\" data-id=\"c11b8d7\" data-element_type=\"widget\" data-widget_type=\"image.default\">\n\t\t\t\t<div class=\"elementor-widget-container\">\n\t\t\t\t\t\t\t\t\t\t\t\t\t\t\t<img fetchpriority=\"high\" decoding=\"async\" width=\"923\" height=\"923\" src=\"https:\/\/coproyma.com\/wp-content\/uploads\/2023\/10\/WhatsApp-Image-2023-10-11-at-09.09.29.jpeg\" class=\"attachment-large size-large wp-image-5604\" alt=\"\" srcset=\"https:\/\/coproyma.com\/wp-content\/uploads\/2023\/10\/WhatsApp-Image-2023-10-11-at-09.09.29.jpeg 923w, https:\/\/coproyma.com\/wp-content\/uploads\/2023\/10\/WhatsApp-Image-2023-10-11-at-09.09.29-768x768.jpeg 768w, https:\/\/coproyma.com\/wp-content\/uploads\/2023\/10\/WhatsApp-Image-2023-10-11-at-09.09.29-320x320.jpeg 320w, https:\/\/coproyma.com\/wp-content\/uploads\/2023\/10\/WhatsApp-Image-2023-10-11-at-09.09.29-480x480.jpeg 480w, https:\/\/coproyma.com\/wp-content\/uploads\/2023\/10\/WhatsApp-Image-2023-10-11-at-09.09.29-800x800.jpeg 800w, https:\/\/coproyma.com\/wp-content\/uploads\/2023\/10\/WhatsApp-Image-2023-10-11-at-09.09.29-640x640.jpeg 640w, https:\/\/coproyma.com\/wp-content\/uploads\/2023\/10\/WhatsApp-Image-2023-10-11-at-09.09.29-400x400.jpeg 400w, https:\/\/coproyma.com\/wp-content\/uploads\/2023\/10\/WhatsApp-Image-2023-10-11-at-09.09.29-560x560.jpeg 560w, https:\/\/coproyma.com\/wp-content\/uploads\/2023\/10\/WhatsApp-Image-2023-10-11-at-09.09.29-367x367.jpeg 367w\" sizes=\"(max-width: 923px) 100vw, 923px\" \/>\t\t\t\t\t\t\t\t\t\t\t\t\t\t\t<\/div>\n\t\t\t\t<\/div>\n\t\t\t\t<div class=\"elementor-element elementor-element-c726c64 elementor-align-center elementor-widget elementor-widget-button\" data-id=\"c726c64\" data-element_type=\"widget\" data-widget_type=\"button.default\">\n\t\t\t\t<div class=\"elementor-widget-container\">\n\t\t\t\t\t\t\t\t\t<div class=\"elementor-button-wrapper\">\n\t\t\t\t\t<a class=\"elementor-button elementor-button-link elementor-size-sm\" href=\"https:\/\/coproyma.com\/wp-content\/uploads\/2023\/10\/230621_PUESTO-CONSULTOR-AMBIENTAL.pdf\" target=\"_blank\">\n\t\t\t\t\t\t<span class=\"elementor-button-content-wrapper\">\n\t\t\t\t\t\t<span class=\"elementor-button-icon\">\n\t\t\t\t<i aria-hidden=\"true\" class=\"far fa-arrow-alt-circle-right\"><\/i>\t\t\t<\/span>\n\t\t\t\t\t\t\t\t\t<span class=\"elementor-button-text\">JOB DESCRIPTION<\/span>\n\t\t\t\t\t<\/span>\n\t\t\t\t\t<\/a>\n\t\t\t\t<\/div>\n\t\t\t\t\t\t\t\t<\/div>\n\t\t\t\t<\/div>\n\t\t\t\t<\/div>\n\t\t<div class=\"elementor-element elementor-element-a9f3673 e-con-full elementor-hidden-desktop elementor-hidden-tablet elementor-hidden-mobile e-flex e-con e-child\" data-id=\"a9f3673\" data-element_type=\"container\">\r\n\t\t\t\t<div class=\"elementor-element elementor-element-da1c57c elementor-widget elementor-widget-image\" data-id=\"da1c57c\" data-element_type=\"widget\" data-widget_type=\"image.default\">\n\t\t\t\t<div class=\"elementor-widget-container\">\n\t\t\t\t\t\t\t\t\t\t\t\t\t\t\t<img decoding=\"async\" width=\"889\" height=\"889\" src=\"https:\/\/coproyma.com\/wp-content\/uploads\/2023\/10\/WhatsApp-Image-2023-10-23-at-14.11.07.jpeg\" class=\"attachment-large size-large wp-image-5780\" alt=\"\" srcset=\"https:\/\/coproyma.com\/wp-content\/uploads\/2023\/10\/WhatsApp-Image-2023-10-23-at-14.11.07.jpeg 889w, https:\/\/coproyma.com\/wp-content\/uploads\/2023\/10\/WhatsApp-Image-2023-10-23-at-14.11.07-768x768.jpeg 768w, https:\/\/coproyma.com\/wp-content\/uploads\/2023\/10\/WhatsApp-Image-2023-10-23-at-14.11.07-320x320.jpeg 320w, https:\/\/coproyma.com\/wp-content\/uploads\/2023\/10\/WhatsApp-Image-2023-10-23-at-14.11.07-480x480.jpeg 480w, https:\/\/coproyma.com\/wp-content\/uploads\/2023\/10\/WhatsApp-Image-2023-10-23-at-14.11.07-800x800.jpeg 800w, https:\/\/coproyma.com\/wp-content\/uploads\/2023\/10\/WhatsApp-Image-2023-10-23-at-14.11.07-640x640.jpeg 640w, https:\/\/coproyma.com\/wp-content\/uploads\/2023\/10\/WhatsApp-Image-2023-10-23-at-14.11.07-400x400.jpeg 400w, https:\/\/coproyma.com\/wp-content\/uploads\/2023\/10\/WhatsApp-Image-2023-10-23-at-14.11.07-560x560.jpeg 560w, https:\/\/coproyma.com\/wp-content\/uploads\/2023\/10\/WhatsApp-Image-2023-10-23-at-14.11.07-367x367.jpeg 367w\" sizes=\"(max-width: 889px) 100vw, 889px\" \/>\t\t\t\t\t\t\t\t\t\t\t\t\t\t\t<\/div>\n\t\t\t\t<\/div>\n\t\t\t\t<div class=\"elementor-element elementor-element-e4085db elementor-align-center elementor-widget elementor-widget-button\" data-id=\"e4085db\" data-element_type=\"widget\" data-widget_type=\"button.default\">\n\t\t\t\t<div class=\"elementor-widget-container\">\n\t\t\t\t\t\t\t\t\t<div class=\"elementor-button-wrapper\">\n\t\t\t\t\t<a class=\"elementor-button elementor-button-link elementor-size-sm\" href=\"https:\/\/coproyma.com\/wp-content\/uploads\/2023\/10\/Puesto-Consultor.pdf\" target=\"_blank\">\n\t\t\t\t\t\t<span class=\"elementor-button-content-wrapper\">\n\t\t\t\t\t\t<span class=\"elementor-button-icon\">\n\t\t\t\t<i aria-hidden=\"true\" class=\"far fa-arrow-alt-circle-right\"><\/i>\t\t\t<\/span>\n\t\t\t\t\t\t\t\t\t<span class=\"elementor-button-text\">JOB DESCRIPTION<\/span>\n\t\t\t\t\t<\/span>\n\t\t\t\t\t<\/a>\n\t\t\t\t<\/div>\n\t\t\t\t\t\t\t\t<\/div>\n\t\t\t\t<\/div>\n\t\t\t\t<\/div>\n\t\t\t\t\t<\/div>\n\t\t\t\t<\/div>\n\t\t\t\t<section data-plugin-parallax=\"\" data-plugin-options=\"{&quot;speed&quot;: 1.5}\" class=\"elementor-section elementor-top-section elementor-element elementor-element-bfd02b0 contact-section px-gutter elementor-section-boxed elementor-section-height-default elementor-section-height-default\" data-id=\"bfd02b0\" data-element_type=\"section\" data-settings=\"{&quot;background_background&quot;:&quot;classic&quot;}\">\r\n\t\t\r\n\t\t\t\t\t\t\t<div class=\"elementor-container elementor-column-gap-no\">\r\n\t\t\t\t\t\t\t\t\t\t\t<div class=\"elementor-column elementor-col-50 elementor-top-column elementor-element elementor-element-403152f\" data-id=\"403152f\" data-element_type=\"column\">\r\n\t\t\t\t\t<div class=\"elementor-widget-wrap\">\r\n\t\t\t\t\t\t\t\t\t<\/div>\r\n\t\t\t\t<\/div>\r\n\t\t\t\t<div class=\"elementor-column elementor-col-50 elementor-top-column elementor-element elementor-element-8ae37ee\" data-id=\"8ae37ee\" data-element_type=\"column\">\r\n\t\t\t\t\t<div class=\"elementor-widget-wrap elementor-element-populated\">\r\n\t\t\t\t\t\t\t\t<div class=\"elementor-element elementor-element-525fe53 elementor-invisible elementor-widget elementor-widget-porto_ultimate_heading\" data-id=\"525fe53\" data-element_type=\"widget\" data-settings=\"{&quot;_animation&quot;:&quot;fadeInUp&quot;,&quot;_animation_delay&quot;:&quot;200&quot;}\" data-widget_type=\"porto_ultimate_heading.default\">\n\t\t\t\t<div class=\"elementor-widget-container\">\n\t\t\t\t\t<div class=\"porto-u-heading  porto-u-ad87e2eaf3f9c495180fe0156ddf3eb0\"><div class=\"porto-u-main-heading\"><h2   >Join the Coproyma team!<\/h2><\/div><style>.porto-u-ad87e2eaf3f9c495180fe0156ddf3eb0.porto-u-heading{text-align:left}<\/style><\/div>\t\t\t\t<\/div>\n\t\t\t\t<\/div>\n\t\t\t\t<div class=\"elementor-element elementor-element-344a3bd elementor-widget-divider--view-line elementor-invisible elementor-widget elementor-widget-divider\" data-id=\"344a3bd\" data-element_type=\"widget\" data-settings=\"{&quot;_animation&quot;:&quot;fadeInUp&quot;,&quot;_animation_delay&quot;:&quot;400&quot;}\" data-widget_type=\"divider.default\">\n\t\t\t\t<div class=\"elementor-widget-container\">\n\t\t\t\t\t\t\t<div class=\"elementor-divider\">\n\t\t\t<span class=\"elementor-divider-separator\">\n\t\t\t\t\t\t<\/span>\n\t\t<\/div>\n\t\t\t\t\t\t<\/div>\n\t\t\t\t<\/div>\n\t\t\t\t<div class=\"elementor-element elementor-element-dd69717 m-b-md elementor-invisible elementor-widget elementor-widget-porto_ultimate_heading\" data-id=\"dd69717\" data-element_type=\"widget\" data-settings=\"{&quot;_animation&quot;:&quot;fadeInUp&quot;,&quot;_animation_delay&quot;:600}\" data-widget_type=\"porto_ultimate_heading.default\">\n\t\t\t\t<div class=\"elementor-widget-container\">\n\t\t\t\t\t<div class=\"porto-u-heading  porto-u-50fd703e6afac6fded863bbd6c29d1c5\"><div class=\"porto-u-main-heading\"><h2   >Complete the form and enclose your CV and we will contact you shortly!<\/h2><\/div><style>.porto-u-50fd703e6afac6fded863bbd6c29d1c5.porto-u-heading{text-align:inherit}<\/style><\/div>\t\t\t\t<\/div>\n\t\t\t\t<\/div>\n\t\t\t\t<div class=\"elementor-element elementor-element-a861828 elementor-invisible elementor-widget elementor-widget-shortcode\" data-id=\"a861828\" data-element_type=\"widget\" data-settings=\"{&quot;_animation&quot;:&quot;fadeInUp&quot;,&quot;_animation_delay&quot;:800}\" data-widget_type=\"shortcode.default\">\n\t\t\t\t<div class=\"elementor-widget-container\">\n\t\t\t\t\t\t\t<div class=\"elementor-shortcode\">\n<div class=\"wpcf7 no-js\" id=\"wpcf7-f5525-o1\" lang=\"en-US\" dir=\"ltr\" data-wpcf7-id=\"5525\">\n<div class=\"screen-reader-response\"><p role=\"status\" aria-live=\"polite\" aria-atomic=\"true\"><\/p> <ul><\/ul><\/div>\n<form action=\"\/en\/wp-json\/wp\/v2\/pages\/5510#wpcf7-f5525-o1\" method=\"post\" class=\"wpcf7-form init\" aria-label=\"Contact form\" enctype=\"multipart\/form-data\" novalidate=\"novalidate\" data-status=\"init\" data-trp-original-action=\"\/en\/wp-json\/wp\/v2\/pages\/5510#wpcf7-f5525-o1\">\n<fieldset class=\"hidden-fields-container\"><input type=\"hidden\" name=\"_wpcf7\" value=\"5525\" \/><input type=\"hidden\" name=\"_wpcf7_version\" value=\"6.1.4\" \/><input type=\"hidden\" name=\"_wpcf7_locale\" value=\"en_US\" \/><input type=\"hidden\" name=\"_wpcf7_unit_tag\" value=\"wpcf7-f5525-o1\" \/><input type=\"hidden\" name=\"_wpcf7_container_post\" value=\"0\" \/><input type=\"hidden\" name=\"_wpcf7_posted_data_hash\" value=\"\" \/>\n<\/fieldset>\n<div class=\"mb-3\">\n    <span class=\"wpcf7-form-control-wrap\" data-name=\"text-771\"><input size=\"40\" maxlength=\"400\" class=\"wpcf7-form-control wpcf7-text wpcf7-validates-as-required form-control\" aria-required=\"true\" aria-invalid=\"false\" placeholder=\"Name *\" value=\"\" type=\"text\" name=\"text-771\" \/><\/span>\n<\/div>\n<div class=\"mb-3\">\n    <span class=\"wpcf7-form-control-wrap\" data-name=\"your-email\"><input size=\"40\" maxlength=\"400\" class=\"wpcf7-form-control wpcf7-email wpcf7-validates-as-required wpcf7-text wpcf7-validates-as-email form-control\" aria-required=\"true\" aria-invalid=\"false\" placeholder=\"Email *\" value=\"\" type=\"email\" name=\"your-email\" \/><\/span>\n<\/div>\n<div class=\"m-b-2\">\n    <span class=\"wpcf7-form-control-wrap\" data-name=\"textarea-824\"><textarea cols=\"40\" rows=\"10\" maxlength=\"2000\" class=\"wpcf7-form-control wpcf7-textarea wpcf7-validates-as-required form-control\" aria-required=\"true\" aria-invalid=\"false\" placeholder=\"Message *\" name=\"textarea-824\"><\/textarea><\/span>\n<\/div>\n<div class=\"mb-3\">\n    <span class=\"wpcf7-form-control-wrap\" data-name=\"file-593\"><input size=\"40\" class=\"wpcf7-form-control wpcf7-file wpcf7-validates-as-required form-control\" accept=\"audio\/*,video\/*,image\/*\" aria-required=\"true\" aria-invalid=\"false\" type=\"file\" name=\"file-593\" \/><\/span>\n<\/div>\n<span class=\"wpcf7-form-control-wrap\" data-name=\"acceptance-899\"><span class=\"wpcf7-form-control wpcf7-acceptance\"><span class=\"wpcf7-list-item\"><label><input type=\"checkbox\" name=\"acceptance-899\" value=\"1\" aria-invalid=\"false\" \/><span class=\"wpcf7-list-item-label\">Acepto la pol\u00edtica de privacidad<\/span><\/label><\/span><\/span><\/span>\n<span class=\"wpcf7-form-control-wrap\" data-name=\"acceptance-899\"><span class=\"wpcf7-form-control wpcf7-acceptance\"><span class=\"wpcf7-list-item\"><label><input type=\"checkbox\" name=\"acceptance-899\" value=\"1\" aria-invalid=\"false\" \/><span class=\"wpcf7-list-item-label\">Acepto la pol\u00edtica de protecci\u00f3n de datos<\/span><\/label><\/span><\/span><\/span>\n\n    <input class=\"wpcf7-form-control wpcf7-submit has-spinner font-weight-semibold btn-primary\" type=\"submit\" value=\"Send\" \/><div class=\"wpcf7-response-output\" aria-hidden=\"true\"><\/div>\n<input type=\"hidden\" name=\"trp-form-language\" value=\"en\"\/><\/form>\n<\/div>\n<\/div>\n\t\t\t\t\t\t<\/div>\n\t\t\t\t<\/div>\n\t\t\t\t\t<\/div>\r\n\t\t\t\t<\/div>\r\n\t\t\t\t\t<\/div>\r\n\t\t\t\t<\/section>\r\n\t\t\t\t<\/div>","protected":false},"excerpt":{"rendered":"<p>En Coproyma nos encontramos en constante desarrollo.\u00bfTe gustar\u00eda trabajar con nosotros? Actualmente no disponemos de ninguna vacante disponible. Si quieres contactar con nosotros rellena el formulario que encontrar\u00e1s a continuaci\u00f3n. DESCRIPCI\u00d3N DEL PUESTO DESCRIPCI\u00d3N DEL PUESTO \u00danete al equipo Coproyma Rellena el formulario y adjunta tu CV \u00a1pronto nos pondremos en contacto contigo!<\/p>","protected":false},"author":1,"featured_media":0,"parent":0,"menu_order":0,"comment_status":"closed","ping_status":"closed","template":"","meta":{"_acf_changed":false,"footnotes":""},"class_list":["post-5510","page","type-page","status-publish","hentry"],"acf":[],"yoast_head":"<!-- This site is optimized with the Yoast SEO plugin v26.8 - https:\/\/yoast.com\/product\/yoast-seo-wordpress\/ -->\n<title>Trabaja con nosotros - Coproyma<\/title>\n<meta name=\"robots\" content=\"index, follow, max-snippet:-1, max-image-preview:large, max-video-preview:-1\" \/>\n<link rel=\"canonical\" href=\"https:\/\/coproyma.com\/en\/trabaja-con-nosotros\/\" \/>\n<meta property=\"og:locale\" content=\"en_US\" \/>\n<meta property=\"og:type\" content=\"article\" \/>\n<meta property=\"og:title\" content=\"Trabaja con nosotros - Coproyma\" \/>\n<meta property=\"og:description\" content=\"En Coproyma nos encontramos en constante desarrollo.\u00bfTe gustar\u00eda trabajar con nosotros? Actualmente no disponemos de ninguna vacante disponible. Si quieres contactar con nosotros rellena el formulario que encontrar\u00e1s a continuaci\u00f3n. DESCRIPCI\u00d3N DEL PUESTO DESCRIPCI\u00d3N DEL PUESTO \u00danete al equipo Coproyma Rellena el formulario y adjunta tu CV \u00a1pronto nos pondremos en contacto contigo!\" \/>\n<meta property=\"og:url\" content=\"https:\/\/coproyma.com\/en\/trabaja-con-nosotros\/\" \/>\n<meta property=\"og:site_name\" content=\"Coproyma\" \/>\n<meta property=\"article:publisher\" content=\"https:\/\/www.facebook.com\/Coproyma\" \/>\n<meta property=\"article:modified_time\" content=\"2025-10-28T12:50:00+00:00\" \/>\n<meta property=\"og:image\" content=\"https:\/\/coproyma.com\/wp-content\/uploads\/2023\/10\/WhatsApp-Image-2023-10-11-at-09.09.29.jpeg\" \/>\n<meta name=\"twitter:card\" content=\"summary_large_image\" \/>\n<meta name=\"twitter:label1\" content=\"Est. reading time\" \/>\n\t<meta name=\"twitter:data1\" content=\"1 minute\" \/>\n<script type=\"application\/ld+json\" class=\"yoast-schema-graph\">{\"@context\":\"https:\/\/schema.org\",\"@graph\":[{\"@type\":\"WebPage\",\"@id\":\"https:\/\/coproyma.com\/trabaja-con-nosotros\/\",\"url\":\"https:\/\/coproyma.com\/trabaja-con-nosotros\/\",\"name\":\"Trabaja con nosotros - Coproyma\",\"isPartOf\":{\"@id\":\"https:\/\/coproyma.com\/#website\"},\"primaryImageOfPage\":{\"@id\":\"https:\/\/coproyma.com\/trabaja-con-nosotros\/#primaryimage\"},\"image\":{\"@id\":\"https:\/\/coproyma.com\/trabaja-con-nosotros\/#primaryimage\"},\"thumbnailUrl\":\"https:\/\/coproyma.com\/wp-content\/uploads\/2023\/10\/WhatsApp-Image-2023-10-11-at-09.09.29.jpeg\",\"datePublished\":\"2023-10-11T08:01:24+00:00\",\"dateModified\":\"2025-10-28T12:50:00+00:00\",\"breadcrumb\":{\"@id\":\"https:\/\/coproyma.com\/trabaja-con-nosotros\/#breadcrumb\"},\"inLanguage\":\"en-US\",\"potentialAction\":[{\"@type\":\"ReadAction\",\"target\":[\"https:\/\/coproyma.com\/trabaja-con-nosotros\/\"]}]},{\"@type\":\"ImageObject\",\"inLanguage\":\"en-US\",\"@id\":\"https:\/\/coproyma.com\/trabaja-con-nosotros\/#primaryimage\",\"url\":\"https:\/\/coproyma.com\/wp-content\/uploads\/2023\/10\/WhatsApp-Image-2023-10-11-at-09.09.29.jpeg\",\"contentUrl\":\"https:\/\/coproyma.com\/wp-content\/uploads\/2023\/10\/WhatsApp-Image-2023-10-11-at-09.09.29.jpeg\"},{\"@type\":\"BreadcrumbList\",\"@id\":\"https:\/\/coproyma.com\/trabaja-con-nosotros\/#breadcrumb\",\"itemListElement\":[{\"@type\":\"ListItem\",\"position\":1,\"name\":\"Portada\",\"item\":\"https:\/\/coproyma.com\/\"},{\"@type\":\"ListItem\",\"position\":2,\"name\":\"Trabaja con nosotros\"}]},{\"@type\":\"WebSite\",\"@id\":\"https:\/\/coproyma.com\/#website\",\"url\":\"https:\/\/coproyma.com\/\",\"name\":\"Coproyma\",\"description\":\"Consultor\u00eda, Proyectos y Medio Ambiente\",\"publisher\":{\"@id\":\"https:\/\/coproyma.com\/#organization\"},\"potentialAction\":[{\"@type\":\"SearchAction\",\"target\":{\"@type\":\"EntryPoint\",\"urlTemplate\":\"https:\/\/coproyma.com\/?s={search_term_string}\"},\"query-input\":{\"@type\":\"PropertyValueSpecification\",\"valueRequired\":true,\"valueName\":\"search_term_string\"}}],\"inLanguage\":\"en-US\"},{\"@type\":\"Organization\",\"@id\":\"https:\/\/coproyma.com\/#organization\",\"name\":\"Coproyma\",\"url\":\"https:\/\/coproyma.com\/\",\"logo\":{\"@type\":\"ImageObject\",\"inLanguage\":\"en-US\",\"@id\":\"https:\/\/coproyma.com\/#\/schema\/logo\/image\/\",\"url\":\"https:\/\/coproyma.com\/wp-content\/uploads\/2023\/10\/Logo-coproyma-2018.png\",\"contentUrl\":\"https:\/\/coproyma.com\/wp-content\/uploads\/2023\/10\/Logo-coproyma-2018.png\",\"width\":842,\"height\":595,\"caption\":\"Coproyma\"},\"image\":{\"@id\":\"https:\/\/coproyma.com\/#\/schema\/logo\/image\/\"},\"sameAs\":[\"https:\/\/www.facebook.com\/Coproyma\",\"https:\/\/www.linkedin.com\/company\/coproyma\/\",\"https:\/\/www.instagram.com\/coproyma\/\"]}]}<\/script>\n<!-- \/ Yoast SEO plugin. -->","yoast_head_json":{"title":"Trabaja con nosotros - Coproyma","robots":{"index":"index","follow":"follow","max-snippet":"max-snippet:-1","max-image-preview":"max-image-preview:large","max-video-preview":"max-video-preview:-1"},"canonical":"https:\/\/coproyma.com\/en\/trabaja-con-nosotros\/","og_locale":"en_US","og_type":"article","og_title":"Trabaja con nosotros - Coproyma","og_description":"En Coproyma nos encontramos en constante desarrollo.\u00bfTe gustar\u00eda trabajar con nosotros? Actualmente no disponemos de ninguna vacante disponible. Si quieres contactar con nosotros rellena el formulario que encontrar\u00e1s a continuaci\u00f3n. DESCRIPCI\u00d3N DEL PUESTO DESCRIPCI\u00d3N DEL PUESTO \u00danete al equipo Coproyma Rellena el formulario y adjunta tu CV \u00a1pronto nos pondremos en contacto contigo!","og_url":"https:\/\/coproyma.com\/en\/trabaja-con-nosotros\/","og_site_name":"Coproyma","article_publisher":"https:\/\/www.facebook.com\/Coproyma","article_modified_time":"2025-10-28T12:50:00+00:00","og_image":[{"url":"https:\/\/coproyma.com\/wp-content\/uploads\/2023\/10\/WhatsApp-Image-2023-10-11-at-09.09.29.jpeg","type":"","width":"","height":""}],"twitter_card":"summary_large_image","twitter_misc":{"Est. reading time":"1 minute"},"schema":{"@context":"https:\/\/schema.org","@graph":[{"@type":"WebPage","@id":"https:\/\/coproyma.com\/trabaja-con-nosotros\/","url":"https:\/\/coproyma.com\/trabaja-con-nosotros\/","name":"Trabaja con nosotros - Coproyma","isPartOf":{"@id":"https:\/\/coproyma.com\/#website"},"primaryImageOfPage":{"@id":"https:\/\/coproyma.com\/trabaja-con-nosotros\/#primaryimage"},"image":{"@id":"https:\/\/coproyma.com\/trabaja-con-nosotros\/#primaryimage"},"thumbnailUrl":"https:\/\/coproyma.com\/wp-content\/uploads\/2023\/10\/WhatsApp-Image-2023-10-11-at-09.09.29.jpeg","datePublished":"2023-10-11T08:01:24+00:00","dateModified":"2025-10-28T12:50:00+00:00","breadcrumb":{"@id":"https:\/\/coproyma.com\/trabaja-con-nosotros\/#breadcrumb"},"inLanguage":"en-US","potentialAction":[{"@type":"ReadAction","target":["https:\/\/coproyma.com\/trabaja-con-nosotros\/"]}]},{"@type":"ImageObject","inLanguage":"en-US","@id":"https:\/\/coproyma.com\/trabaja-con-nosotros\/#primaryimage","url":"https:\/\/coproyma.com\/wp-content\/uploads\/2023\/10\/WhatsApp-Image-2023-10-11-at-09.09.29.jpeg","contentUrl":"https:\/\/coproyma.com\/wp-content\/uploads\/2023\/10\/WhatsApp-Image-2023-10-11-at-09.09.29.jpeg"},{"@type":"BreadcrumbList","@id":"https:\/\/coproyma.com\/trabaja-con-nosotros\/#breadcrumb","itemListElement":[{"@type":"ListItem","position":1,"name":"Portada","item":"https:\/\/coproyma.com\/"},{"@type":"ListItem","position":2,"name":"Trabaja con nosotros"}]},{"@type":"WebSite","@id":"https:\/\/coproyma.com\/#website","url":"https:\/\/coproyma.com\/","name":"Coproyma","description":"Consultor\u00eda, Proyectos y Medio Ambiente","publisher":{"@id":"https:\/\/coproyma.com\/#organization"},"potentialAction":[{"@type":"SearchAction","target":{"@type":"EntryPoint","urlTemplate":"https:\/\/coproyma.com\/?s={search_term_string}"},"query-input":{"@type":"PropertyValueSpecification","valueRequired":true,"valueName":"search_term_string"}}],"inLanguage":"en-US"},{"@type":"Organization","@id":"https:\/\/coproyma.com\/#organization","name":"Coproyma","url":"https:\/\/coproyma.com\/","logo":{"@type":"ImageObject","inLanguage":"en-US","@id":"https:\/\/coproyma.com\/#\/schema\/logo\/image\/","url":"https:\/\/coproyma.com\/wp-content\/uploads\/2023\/10\/Logo-coproyma-2018.png","contentUrl":"https:\/\/coproyma.com\/wp-content\/uploads\/2023\/10\/Logo-coproyma-2018.png","width":842,"height":595,"caption":"Coproyma"},"image":{"@id":"https:\/\/coproyma.com\/#\/schema\/logo\/image\/"},"sameAs":["https:\/\/www.facebook.com\/Coproyma","https:\/\/www.linkedin.com\/company\/coproyma\/","https:\/\/www.instagram.com\/coproyma\/"]}]}},"_links":{"self":[{"href":"https:\/\/coproyma.com\/en\/wp-json\/wp\/v2\/pages\/5510","targetHints":{"allow":["GET"]}}],"collection":[{"href":"https:\/\/coproyma.com\/en\/wp-json\/wp\/v2\/pages"}],"about":[{"href":"https:\/\/coproyma.com\/en\/wp-json\/wp\/v2\/types\/page"}],"author":[{"embeddable":true,"href":"https:\/\/coproyma.com\/en\/wp-json\/wp\/v2\/users\/1"}],"replies":[{"embeddable":true,"href":"https:\/\/coproyma.com\/en\/wp-json\/wp\/v2\/comments?post=5510"}],"version-history":[{"count":79,"href":"https:\/\/coproyma.com\/en\/wp-json\/wp\/v2\/pages\/5510\/revisions"}],"predecessor-version":[{"id":6251,"href":"https:\/\/coproyma.com\/en\/wp-json\/wp\/v2\/pages\/5510\/revisions\/6251"}],"wp:attachment":[{"href":"https:\/\/coproyma.com\/en\/wp-json\/wp\/v2\/media?parent=5510"}],"curies":[{"name":"wp","href":"https:\/\/api.w.org\/{rel}","templated":true}]}}