{"id":5747,"date":"2023-10-20T10:26:25","date_gmt":"2023-10-20T10:26:25","guid":{"rendered":"https:\/\/coproyma.com\/?page_id=5747"},"modified":"2025-10-28T12:44:37","modified_gmt":"2025-10-28T12:44:37","slug":"certificaciones","status":"publish","type":"page","link":"https:\/\/coproyma.com\/en\/certificaciones\/","title":{"rendered":"Certifications"},"content":{"rendered":"<div data-elementor-type=\"wp-page\" data-elementor-id=\"5747\" class=\"elementor elementor-5747\">\n\t\t\t\t\t\t<section class=\"elementor-section elementor-top-section elementor-element elementor-element-ebc357e pt-3 mt-4 elementor-section-boxed elementor-section-height-default elementor-section-height-default\" data-id=\"ebc357e\" data-element_type=\"section\">\r\n\t\t\r\n\t\t\t\t\t\t\t<div class=\"elementor-container elementor-column-gap-no\">\r\n\t\t\t\t\t\t\t\t\t\t\t<div class=\"elementor-column elementor-col-100 elementor-top-column elementor-element elementor-element-7e05d30\" data-id=\"7e05d30\" data-element_type=\"column\">\r\n\t\t\t\t\t<div class=\"elementor-widget-wrap elementor-element-populated\">\r\n\t\t\t\t\t\t\t\t<div class=\"elementor-element elementor-element-c14f7ca mb-4 elementor-invisible elementor-widget elementor-widget-heading\" data-id=\"c14f7ca\" data-element_type=\"widget\" data-settings=\"{&quot;_animation&quot;:&quot;fadeInUp&quot;,&quot;_animation_delay&quot;:250}\" data-widget_type=\"heading.default\">\n\t\t\t\t<div class=\"elementor-widget-container\">\n\t\t\t\t\t<h2 class=\"elementor-heading-title elementor-size-medium\">Having at Coproyma the main certifications<\/h2>\t\t\t\t<\/div>\n\t\t\t\t<\/div>\n\t\t\t\t<div class=\"elementor-element elementor-element-6d43f17 elementor-widget elementor-widget-porto_ultimate_heading\" data-id=\"6d43f17\" data-element_type=\"widget\" data-widget_type=\"porto_ultimate_heading.default\">\n\t\t\t\t<div class=\"elementor-widget-container\">\n\t\t\t\t\t<div class=\"porto-u-heading  porto-u-55ca8359258f9a412be7e73af65d2aac\"><div class=\"porto-u-sub-heading\" style=\"\"><p><span style=\"font-size: 18px;\">Click on each of them to learn more<\/span><\/p><\/div><style>.porto-u-55ca8359258f9a412be7e73af65d2aac.porto-u-heading{text-align:center}<\/style><\/div>\t\t\t\t<\/div>\n\t\t\t\t<\/div>\n\t\t\t\t\t<\/div>\r\n\t\t\t\t<\/div>\r\n\t\t\t\t\t<\/div>\r\n\t\t\t\t<\/section>\r\n\t\t<div class=\"elementor-element elementor-element-8740afa e-flex e-con-boxed e-con e-parent\" data-id=\"8740afa\" data-element_type=\"container\">\r\n\t\t\t\t\t<div class=\"e-con-inner\">\r\n\t\t<div class=\"elementor-element elementor-element-fac96d8 e-con-full e-flex e-con e-child\" data-id=\"fac96d8\" data-element_type=\"container\">\r\n\t\t\t\t<div class=\"elementor-element elementor-element-c5dae85 elementor-widget elementor-widget-porto_button\" data-id=\"c5dae85\" data-element_type=\"widget\" data-widget_type=\"porto_button.default\">\n\t\t\t\t<div class=\"elementor-widget-container\">\n\t\t\t\t\t<a aria-label=\"button\" class=\"btn btn-lg btn-primary btn-modern btn-block\" href=\"https:\/\/coproyma.com\/wp-content\/uploads\/2023\/10\/9001-CAST-COPROYMA_page-0001.jpg\" target=\"_blank\"><span >ISO 9001<\/span><\/a>\t\t\t\t<\/div>\n\t\t\t\t<\/div>\n\t\t\t\t<\/div>\n\t\t<div class=\"elementor-element elementor-element-169558d e-con-full e-flex e-con e-child\" data-id=\"169558d\" data-element_type=\"container\">\r\n\t\t\t\t<div class=\"elementor-element elementor-element-984583d elementor-widget elementor-widget-porto_button\" data-id=\"984583d\" data-element_type=\"widget\" data-widget_type=\"porto_button.default\">\n\t\t\t\t<div class=\"elementor-widget-container\">\n\t\t\t\t\t<a aria-label=\"button\" class=\"btn btn-lg btn-primary btn-modern btn-block\" href=\"https:\/\/coproyma.com\/wp-content\/uploads\/2023\/10\/45001-CAST-COPROYMA_page-0001.jpg\" target=\"_blank\"><span >ISO 45001<\/span><\/a>\t\t\t\t<\/div>\n\t\t\t\t<\/div>\n\t\t\t\t<\/div>\n\t\t<div class=\"elementor-element elementor-element-efb6720 e-con-full e-flex e-con e-child\" data-id=\"efb6720\" data-element_type=\"container\">\r\n\t\t\t\t<div class=\"elementor-element elementor-element-e822ff3 elementor-widget elementor-widget-porto_button\" data-id=\"e822ff3\" data-element_type=\"widget\" data-widget_type=\"porto_button.default\">\n\t\t\t\t<div class=\"elementor-widget-container\">\n\t\t\t\t\t<a aria-label=\"button\" class=\"btn btn-lg btn-primary btn-modern btn-block\" href=\"https:\/\/coproyma.com\/wp-content\/uploads\/2023\/10\/14001-CAST-COPROYMA_page-0001.jpg\" target=\"_blank\"><span >ISO 14001<\/span><\/a>\t\t\t\t<\/div>\n\t\t\t\t<\/div>\n\t\t\t\t<\/div>\n\t\t<div class=\"elementor-element elementor-element-2a88d3a e-con-full e-flex e-con e-child\" data-id=\"2a88d3a\" data-element_type=\"container\">\r\n\t\t\t\t<div class=\"elementor-element elementor-element-e0e22d8 elementor-widget elementor-widget-porto_button\" data-id=\"e0e22d8\" data-element_type=\"widget\" data-settings=\"{&quot;align&quot;:&quot;center&quot;}\" data-widget_type=\"porto_button.default\">\n\t\t\t\t<div class=\"elementor-widget-container\">\n\t\t\t\t\t<a aria-label=\"button\" class=\"btn btn-lg btn-primary btn-modern\" href=\"https:\/\/coproyma.com\/wp-content\/uploads\/2023\/10\/2021-a0047-CERTIFICADO-INSCRIPCION_2019_C_page-0001.jpg\" target=\"_blank\"><span >c\u00e1lculo y registro HUELLA DE CARBONO<\/span><\/a>\t\t\t\t<\/div>\n\t\t\t\t<\/div>\n\t\t\t\t<\/div>\n\t\t<div class=\"elementor-element elementor-element-162ea49 e-con-full e-flex e-con e-child\" data-id=\"162ea49\" data-element_type=\"container\">\r\n\t\t\t\t<div class=\"elementor-element elementor-element-43fc0b6 elementor-widget elementor-widget-porto_button\" data-id=\"43fc0b6\" data-element_type=\"widget\" data-widget_type=\"porto_button.default\">\n\t\t\t\t<div class=\"elementor-widget-container\">\n\t\t\t\t\t<a aria-label=\"button\" class=\"btn btn-lg btn-primary btn-modern btn-block\" href=\"https:\/\/coproyma.com\/wp-content\/uploads\/2024\/04\/ES_S62820557_Consultoria-Ingeneria-y-Medio-ambiente-2010-S.L.-COPROYMA_2024-1.png\" target=\"_blank\"><span >Women We Connect International<\/span><\/a>\t\t\t\t<\/div>\n\t\t\t\t<\/div>\n\t\t\t\t<\/div>\n\t\t<div class=\"elementor-element elementor-element-99b5a0b e-con-full e-flex e-con e-child\" data-id=\"99b5a0b\" data-element_type=\"container\">\r\n\t\t\t\t<div class=\"elementor-element elementor-element-01ee0e0 elementor-widget elementor-widget-porto_button\" data-id=\"01ee0e0\" data-element_type=\"widget\" data-settings=\"{&quot;align&quot;:&quot;center&quot;}\" data-widget_type=\"porto_button.default\">\n\t\t\t\t<div class=\"elementor-widget-container\">\n\t\t\t\t\t<a aria-label=\"button\" class=\"btn btn-lg btn-primary btn-modern\" href=\"https:\/\/coproyma.com\/wp-content\/uploads\/2023\/11\/Politica-Integrada-Rev.-02_EN.pdf\" target=\"_blank\"><span >QUALITY, ENVIRONMENT AND SAFETY AND HEALTH POLICY<\/span><\/a>\t\t\t\t<\/div>\n\t\t\t\t<\/div>\n\t\t\t\t<\/div>\n\t\t<div class=\"elementor-element elementor-element-149b114 e-con-full e-flex e-con e-child\" data-id=\"149b114\" data-element_type=\"container\">\r\n\t\t\t\t<\/div>\n\t\t<div class=\"elementor-element elementor-element-19f2aef e-con-full e-flex e-con e-child\" data-id=\"19f2aef\" data-element_type=\"container\">\r\n\t\t\t\t<\/div>\n\t\t\t\t\t<\/div>\n\t\t\t\t<\/div>\n\t\t<div class=\"elementor-element elementor-element-60b69a3 e-flex e-con-boxed e-con e-parent\" data-id=\"60b69a3\" data-element_type=\"container\">\r\n\t\t\t\t\t<div class=\"e-con-inner\">\r\n\t\t\t\t<div class=\"elementor-element elementor-element-49a28b2 elementor-widget elementor-widget-spacer\" data-id=\"49a28b2\" data-element_type=\"widget\" data-widget_type=\"spacer.default\">\n\t\t\t\t<div class=\"elementor-widget-container\">\n\t\t\t\t\t\t\t<div class=\"elementor-spacer\">\n\t\t\t<div class=\"elementor-spacer-inner\"><\/div>\n\t\t<\/div>\n\t\t\t\t\t\t<\/div>\n\t\t\t\t<\/div>\n\t\t\t\t\t<\/div>\n\t\t\t\t<\/div>\n\t\t\t\t<\/div>","protected":false},"excerpt":{"rendered":"<p>En Coproyma contamos con las principales certificaciones Haz click en cada una de ellas para conocer m\u00e1s ISO 9001 ISO 45001 ISO 14001 c\u00e1lculo y registro HUELLA DE CARBONO Women We Connect International POL\u00cdTICA DE CALIDAD, MEDIOAMBIENTE Y SEGURIDAD y SALUD<\/p>","protected":false},"author":1,"featured_media":0,"parent":0,"menu_order":0,"comment_status":"closed","ping_status":"closed","template":"","meta":{"_acf_changed":false,"footnotes":""},"class_list":["post-5747","page","type-page","status-publish","hentry"],"acf":[],"yoast_head":"<!-- This site is optimized with the Yoast SEO plugin v26.8 - https:\/\/yoast.com\/product\/yoast-seo-wordpress\/ -->\n<title>Certificaciones - Coproyma<\/title>\n<meta name=\"robots\" content=\"index, follow, max-snippet:-1, max-image-preview:large, max-video-preview:-1\" \/>\n<link rel=\"canonical\" href=\"https:\/\/coproyma.com\/en\/certificaciones\/\" \/>\n<meta property=\"og:locale\" content=\"en_US\" \/>\n<meta property=\"og:type\" content=\"article\" \/>\n<meta property=\"og:title\" content=\"Certificaciones - Coproyma\" \/>\n<meta property=\"og:description\" content=\"En Coproyma contamos con las principales certificaciones Haz click en cada una de ellas para conocer m\u00e1s ISO 9001 ISO 45001 ISO 14001 c\u00e1lculo y registro HUELLA DE CARBONO Women We Connect International POL\u00cdTICA DE CALIDAD, MEDIOAMBIENTE Y SEGURIDAD y SALUD\" \/>\n<meta property=\"og:url\" content=\"https:\/\/coproyma.com\/en\/certificaciones\/\" \/>\n<meta property=\"og:site_name\" content=\"Coproyma\" \/>\n<meta property=\"article:publisher\" content=\"https:\/\/www.facebook.com\/Coproyma\" \/>\n<meta property=\"article:modified_time\" content=\"2025-10-28T12:44:37+00:00\" \/>\n<meta name=\"twitter:card\" content=\"summary_large_image\" \/>\n<meta name=\"twitter:label1\" content=\"Est. reading time\" \/>\n\t<meta name=\"twitter:data1\" content=\"1 minute\" \/>\n<script type=\"application\/ld+json\" class=\"yoast-schema-graph\">{\"@context\":\"https:\/\/schema.org\",\"@graph\":[{\"@type\":\"WebPage\",\"@id\":\"https:\/\/coproyma.com\/certificaciones\/\",\"url\":\"https:\/\/coproyma.com\/certificaciones\/\",\"name\":\"Certificaciones - Coproyma\",\"isPartOf\":{\"@id\":\"https:\/\/coproyma.com\/#website\"},\"datePublished\":\"2023-10-20T10:26:25+00:00\",\"dateModified\":\"2025-10-28T12:44:37+00:00\",\"breadcrumb\":{\"@id\":\"https:\/\/coproyma.com\/certificaciones\/#breadcrumb\"},\"inLanguage\":\"en-US\",\"potentialAction\":[{\"@type\":\"ReadAction\",\"target\":[\"https:\/\/coproyma.com\/certificaciones\/\"]}]},{\"@type\":\"BreadcrumbList\",\"@id\":\"https:\/\/coproyma.com\/certificaciones\/#breadcrumb\",\"itemListElement\":[{\"@type\":\"ListItem\",\"position\":1,\"name\":\"Portada\",\"item\":\"https:\/\/coproyma.com\/\"},{\"@type\":\"ListItem\",\"position\":2,\"name\":\"Certificaciones\"}]},{\"@type\":\"WebSite\",\"@id\":\"https:\/\/coproyma.com\/#website\",\"url\":\"https:\/\/coproyma.com\/\",\"name\":\"Coproyma\",\"description\":\"Consultor\u00eda, Proyectos y Medio Ambiente\",\"publisher\":{\"@id\":\"https:\/\/coproyma.com\/#organization\"},\"potentialAction\":[{\"@type\":\"SearchAction\",\"target\":{\"@type\":\"EntryPoint\",\"urlTemplate\":\"https:\/\/coproyma.com\/?s={search_term_string}\"},\"query-input\":{\"@type\":\"PropertyValueSpecification\",\"valueRequired\":true,\"valueName\":\"search_term_string\"}}],\"inLanguage\":\"en-US\"},{\"@type\":\"Organization\",\"@id\":\"https:\/\/coproyma.com\/#organization\",\"name\":\"Coproyma\",\"url\":\"https:\/\/coproyma.com\/\",\"logo\":{\"@type\":\"ImageObject\",\"inLanguage\":\"en-US\",\"@id\":\"https:\/\/coproyma.com\/#\/schema\/logo\/image\/\",\"url\":\"https:\/\/coproyma.com\/wp-content\/uploads\/2023\/10\/Logo-coproyma-2018.png\",\"contentUrl\":\"https:\/\/coproyma.com\/wp-content\/uploads\/2023\/10\/Logo-coproyma-2018.png\",\"width\":842,\"height\":595,\"caption\":\"Coproyma\"},\"image\":{\"@id\":\"https:\/\/coproyma.com\/#\/schema\/logo\/image\/\"},\"sameAs\":[\"https:\/\/www.facebook.com\/Coproyma\",\"https:\/\/www.linkedin.com\/company\/coproyma\/\",\"https:\/\/www.instagram.com\/coproyma\/\"]}]}<\/script>\n<!-- \/ Yoast SEO plugin. -->","yoast_head_json":{"title":"Certificaciones - Coproyma","robots":{"index":"index","follow":"follow","max-snippet":"max-snippet:-1","max-image-preview":"max-image-preview:large","max-video-preview":"max-video-preview:-1"},"canonical":"https:\/\/coproyma.com\/en\/certificaciones\/","og_locale":"en_US","og_type":"article","og_title":"Certificaciones - Coproyma","og_description":"En Coproyma contamos con las principales certificaciones Haz click en cada una de ellas para conocer m\u00e1s ISO 9001 ISO 45001 ISO 14001 c\u00e1lculo y registro HUELLA DE CARBONO Women We Connect International POL\u00cdTICA DE CALIDAD, MEDIOAMBIENTE Y SEGURIDAD y SALUD","og_url":"https:\/\/coproyma.com\/en\/certificaciones\/","og_site_name":"Coproyma","article_publisher":"https:\/\/www.facebook.com\/Coproyma","article_modified_time":"2025-10-28T12:44:37+00:00","twitter_card":"summary_large_image","twitter_misc":{"Est. reading time":"1 minute"},"schema":{"@context":"https:\/\/schema.org","@graph":[{"@type":"WebPage","@id":"https:\/\/coproyma.com\/certificaciones\/","url":"https:\/\/coproyma.com\/certificaciones\/","name":"Certificaciones - Coproyma","isPartOf":{"@id":"https:\/\/coproyma.com\/#website"},"datePublished":"2023-10-20T10:26:25+00:00","dateModified":"2025-10-28T12:44:37+00:00","breadcrumb":{"@id":"https:\/\/coproyma.com\/certificaciones\/#breadcrumb"},"inLanguage":"en-US","potentialAction":[{"@type":"ReadAction","target":["https:\/\/coproyma.com\/certificaciones\/"]}]},{"@type":"BreadcrumbList","@id":"https:\/\/coproyma.com\/certificaciones\/#breadcrumb","itemListElement":[{"@type":"ListItem","position":1,"name":"Portada","item":"https:\/\/coproyma.com\/"},{"@type":"ListItem","position":2,"name":"Certificaciones"}]},{"@type":"WebSite","@id":"https:\/\/coproyma.com\/#website","url":"https:\/\/coproyma.com\/","name":"Coproyma","description":"Consultor\u00eda, Proyectos y Medio Ambiente","publisher":{"@id":"https:\/\/coproyma.com\/#organization"},"potentialAction":[{"@type":"SearchAction","target":{"@type":"EntryPoint","urlTemplate":"https:\/\/coproyma.com\/?s={search_term_string}"},"query-input":{"@type":"PropertyValueSpecification","valueRequired":true,"valueName":"search_term_string"}}],"inLanguage":"en-US"},{"@type":"Organization","@id":"https:\/\/coproyma.com\/#organization","name":"Coproyma","url":"https:\/\/coproyma.com\/","logo":{"@type":"ImageObject","inLanguage":"en-US","@id":"https:\/\/coproyma.com\/#\/schema\/logo\/image\/","url":"https:\/\/coproyma.com\/wp-content\/uploads\/2023\/10\/Logo-coproyma-2018.png","contentUrl":"https:\/\/coproyma.com\/wp-content\/uploads\/2023\/10\/Logo-coproyma-2018.png","width":842,"height":595,"caption":"Coproyma"},"image":{"@id":"https:\/\/coproyma.com\/#\/schema\/logo\/image\/"},"sameAs":["https:\/\/www.facebook.com\/Coproyma","https:\/\/www.linkedin.com\/company\/coproyma\/","https:\/\/www.instagram.com\/coproyma\/"]}]}},"_links":{"self":[{"href":"https:\/\/coproyma.com\/en\/wp-json\/wp\/v2\/pages\/5747","targetHints":{"allow":["GET"]}}],"collection":[{"href":"https:\/\/coproyma.com\/en\/wp-json\/wp\/v2\/pages"}],"about":[{"href":"https:\/\/coproyma.com\/en\/wp-json\/wp\/v2\/types\/page"}],"author":[{"embeddable":true,"href":"https:\/\/coproyma.com\/en\/wp-json\/wp\/v2\/users\/1"}],"replies":[{"embeddable":true,"href":"https:\/\/coproyma.com\/en\/wp-json\/wp\/v2\/comments?post=5747"}],"version-history":[{"count":50,"href":"https:\/\/coproyma.com\/en\/wp-json\/wp\/v2\/pages\/5747\/revisions"}],"predecessor-version":[{"id":6247,"href":"https:\/\/coproyma.com\/en\/wp-json\/wp\/v2\/pages\/5747\/revisions\/6247"}],"wp:attachment":[{"href":"https:\/\/coproyma.com\/en\/wp-json\/wp\/v2\/media?parent=5747"}],"curies":[{"name":"wp","href":"https:\/\/api.w.org\/{rel}","templated":true}]}}